{"id":9405,"date":"2023-11-10T11:17:03","date_gmt":"2023-11-10T10:17:03","guid":{"rendered":"https:\/\/shop.cinecitta.com\/?post_type=product&#038;p=9405"},"modified":"2024-10-31T11:04:25","modified_gmt":"2024-10-31T10:04:25","slug":"luce-per-selfie","status":"publish","type":"product","link":"https:\/\/shop.cinecitta.com\/en\/shop\/oggetti-regalo\/gadget\/luce-per-selfie\/","title":{"rendered":"Luce per selfie"},"content":{"rendered":"<p>Anello di luce portatile per selfie con 28 LED, con clip per compatibile con tutti gli smartphone. La luce bianca \u00e8 regolabile in tre diversi livelli di luminosit\u00e0. La confezione contiene anche il caricabatterie USB.<\/p>\n","protected":false},"excerpt":{"rendered":"<p>Anello di luce portatile per selfie con 28 LED, con clip per compatibile con tutti gli smartphone. La luce bianca \u00e8 regolabile in tre diversi livelli di luminosit\u00e0. La confezione contiene anche il caricabatterie USB.<\/p>\n","protected":false},"featured_media":9406,"template":"","meta":{"_acf_changed":false},"product_cat":[150,148],"product_tag":[],"class_list":{"0":"post-9405","1":"product","2":"type-product","3":"status-publish","4":"has-post-thumbnail","6":"product_cat-gadget","7":"product_cat-oggetti-regalo","9":"first","10":"instock","11":"taxable","12":"shipping-taxable","13":"purchasable","14":"product-type-simple"},"acf":[],"yoast_head":"<!-- This site is optimized with the Yoast SEO plugin v23.3 - https:\/\/yoast.com\/wordpress\/plugins\/seo\/ -->\n<title>Luce per selfie - SHOP CINECITT\u00c0<\/title>\n<meta name=\"description\" content=\"Anello di luce portatile per selfie con 28 LED. La luce bianca \u00e8 regolabile in tre diversi livelli di luminosit\u00e0. La confezione contiene anche il caricabatterie USB.\" \/>\n<meta name=\"robots\" content=\"index, follow, max-snippet:-1, max-image-preview:large, max-video-preview:-1\" \/>\n<link rel=\"canonical\" href=\"https:\/\/shop.cinecitta.com\/en\/shop\/oggetti-regalo\/gadget\/luce-per-selfie\/\" \/>\n<meta property=\"og:locale\" content=\"en_US\" \/>\n<meta property=\"og:type\" content=\"article\" \/>\n<meta property=\"og:title\" content=\"Luce per selfie - SHOP CINECITT\u00c0\" \/>\n<meta property=\"og:description\" content=\"Anello di luce portatile per selfie con 28 LED. La luce bianca \u00e8 regolabile in tre diversi livelli di luminosit\u00e0. La confezione contiene anche il caricabatterie USB.\" \/>\n<meta property=\"og:url\" content=\"https:\/\/shop.cinecitta.com\/en\/shop\/oggetti-regalo\/gadget\/luce-per-selfie\/\" \/>\n<meta property=\"og:site_name\" content=\"SHOP CINECITT\u00c0\" \/>\n<meta property=\"article:publisher\" content=\"https:\/\/www.facebook.com\/cinecittasimostra\/\" \/>\n<meta property=\"article:modified_time\" content=\"2024-10-31T10:04:25+00:00\" \/>\n<meta property=\"og:image\" content=\"https:\/\/shop.cinecitta.com\/media\/ledselfie.jpg\" \/>\n\t<meta property=\"og:image:width\" content=\"1200\" \/>\n\t<meta property=\"og:image:height\" content=\"1200\" \/>\n\t<meta property=\"og:image:type\" content=\"image\/jpeg\" \/>\n<meta name=\"twitter:card\" content=\"summary_large_image\" \/>\n<meta name=\"twitter:site\" content=\"@cinecittasm\" \/>\n<meta name=\"twitter:label1\" content=\"Est. reading time\" \/>\n\t<meta name=\"twitter:data1\" content=\"1 minute\" \/>\n<script type=\"application\/ld+json\" class=\"yoast-schema-graph\">{\"@context\":\"https:\/\/schema.org\",\"@graph\":[{\"@type\":\"WebPage\",\"@id\":\"https:\/\/shop.cinecitta.com\/en\/shop\/oggetti-regalo\/gadget\/luce-per-selfie\/\",\"url\":\"https:\/\/shop.cinecitta.com\/en\/shop\/oggetti-regalo\/gadget\/luce-per-selfie\/\",\"name\":\"Luce per selfie - SHOP CINECITT\u00c0\",\"isPartOf\":{\"@id\":\"https:\/\/shop.cinecitta.com\/en\/#website\"},\"primaryImageOfPage\":{\"@id\":\"https:\/\/shop.cinecitta.com\/en\/shop\/oggetti-regalo\/gadget\/luce-per-selfie\/#primaryimage\"},\"image\":{\"@id\":\"https:\/\/shop.cinecitta.com\/en\/shop\/oggetti-regalo\/gadget\/luce-per-selfie\/#primaryimage\"},\"thumbnailUrl\":\"https:\/\/shop.cinecitta.com\/media\/ledselfie.jpg\",\"datePublished\":\"2023-11-10T10:17:03+00:00\",\"dateModified\":\"2024-10-31T10:04:25+00:00\",\"description\":\"Anello di luce portatile per selfie con 28 LED. La luce bianca \u00e8 regolabile in tre diversi livelli di luminosit\u00e0. La confezione contiene anche il caricabatterie USB.\",\"breadcrumb\":{\"@id\":\"https:\/\/shop.cinecitta.com\/en\/shop\/oggetti-regalo\/gadget\/luce-per-selfie\/#breadcrumb\"},\"inLanguage\":\"en-US\",\"potentialAction\":[{\"@type\":\"ReadAction\",\"target\":[\"https:\/\/shop.cinecitta.com\/en\/shop\/oggetti-regalo\/gadget\/luce-per-selfie\/\"]}]},{\"@type\":\"ImageObject\",\"inLanguage\":\"en-US\",\"@id\":\"https:\/\/shop.cinecitta.com\/en\/shop\/oggetti-regalo\/gadget\/luce-per-selfie\/#primaryimage\",\"url\":\"https:\/\/shop.cinecitta.com\/media\/ledselfie.jpg\",\"contentUrl\":\"https:\/\/shop.cinecitta.com\/media\/ledselfie.jpg\",\"width\":1200,\"height\":1200},{\"@type\":\"BreadcrumbList\",\"@id\":\"https:\/\/shop.cinecitta.com\/en\/shop\/oggetti-regalo\/gadget\/luce-per-selfie\/#breadcrumb\",\"itemListElement\":[{\"@type\":\"ListItem\",\"position\":1,\"name\":\"Cinecittasimostra\",\"item\":\"https:\/\/shop.cinecitta.com\/en\/\"},{\"@type\":\"ListItem\",\"position\":2,\"name\":\"Shop\",\"item\":\"https:\/\/shop.cinecitta.com\/en\/shop\/\"},{\"@type\":\"ListItem\",\"position\":3,\"name\":\"Luce per selfie\"}]},{\"@type\":\"WebSite\",\"@id\":\"https:\/\/shop.cinecitta.com\/en\/#website\",\"url\":\"https:\/\/shop.cinecitta.com\/en\/\",\"name\":\"Shop Cinecitt\u00e0\",\"description\":\"\",\"publisher\":{\"@id\":\"https:\/\/shop.cinecitta.com\/en\/#organization\"},\"potentialAction\":[{\"@type\":\"SearchAction\",\"target\":{\"@type\":\"EntryPoint\",\"urlTemplate\":\"https:\/\/shop.cinecitta.com\/en\/?s={search_term_string}\"},\"query-input\":\"required name=search_term_string\"}],\"inLanguage\":\"en-US\"},{\"@type\":\"Organization\",\"@id\":\"https:\/\/shop.cinecitta.com\/en\/#organization\",\"name\":\"Shop Cinecitt\u00e0\",\"url\":\"https:\/\/shop.cinecitta.com\/en\/\",\"logo\":{\"@type\":\"ImageObject\",\"inLanguage\":\"en-US\",\"@id\":\"https:\/\/shop.cinecitta.com\/en\/#\/schema\/logo\/image\/\",\"url\":\"https:\/\/shop.cinecitta.com\/media\/cropped-favicon.png\",\"contentUrl\":\"https:\/\/shop.cinecitta.com\/media\/cropped-favicon.png\",\"width\":512,\"height\":512,\"caption\":\"Shop Cinecitt\u00e0\"},\"image\":{\"@id\":\"https:\/\/shop.cinecitta.com\/en\/#\/schema\/logo\/image\/\"},\"sameAs\":[\"https:\/\/www.facebook.com\/cinecittasimostra\/\",\"https:\/\/x.com\/cinecittasm\",\"https:\/\/www.instagram.com\/cinecittasimostra\/\",\"https:\/\/www.youtube.com\/user\/cinecittashowsoff\"]}]}<\/script>\n<!-- \/ Yoast SEO plugin. -->","yoast_head_json":{"title":"Luce per selfie - SHOP CINECITT\u00c0","description":"Anello di luce portatile per selfie con 28 LED. La luce bianca \u00e8 regolabile in tre diversi livelli di luminosit\u00e0. La confezione contiene anche il caricabatterie USB.","robots":{"index":"index","follow":"follow","max-snippet":"max-snippet:-1","max-image-preview":"max-image-preview:large","max-video-preview":"max-video-preview:-1"},"canonical":"https:\/\/shop.cinecitta.com\/en\/shop\/oggetti-regalo\/gadget\/luce-per-selfie\/","og_locale":"en_US","og_type":"article","og_title":"Luce per selfie - SHOP CINECITT\u00c0","og_description":"Anello di luce portatile per selfie con 28 LED. La luce bianca \u00e8 regolabile in tre diversi livelli di luminosit\u00e0. La confezione contiene anche il caricabatterie USB.","og_url":"https:\/\/shop.cinecitta.com\/en\/shop\/oggetti-regalo\/gadget\/luce-per-selfie\/","og_site_name":"SHOP CINECITT\u00c0","article_publisher":"https:\/\/www.facebook.com\/cinecittasimostra\/","article_modified_time":"2024-10-31T10:04:25+00:00","og_image":[{"width":1200,"height":1200,"url":"https:\/\/shop.cinecitta.com\/media\/ledselfie.jpg","type":"image\/jpeg"}],"twitter_card":"summary_large_image","twitter_site":"@cinecittasm","twitter_misc":{"Est. reading time":"1 minute"},"schema":{"@context":"https:\/\/schema.org","@graph":[{"@type":"WebPage","@id":"https:\/\/shop.cinecitta.com\/en\/shop\/oggetti-regalo\/gadget\/luce-per-selfie\/","url":"https:\/\/shop.cinecitta.com\/en\/shop\/oggetti-regalo\/gadget\/luce-per-selfie\/","name":"Luce per selfie - SHOP CINECITT\u00c0","isPartOf":{"@id":"https:\/\/shop.cinecitta.com\/en\/#website"},"primaryImageOfPage":{"@id":"https:\/\/shop.cinecitta.com\/en\/shop\/oggetti-regalo\/gadget\/luce-per-selfie\/#primaryimage"},"image":{"@id":"https:\/\/shop.cinecitta.com\/en\/shop\/oggetti-regalo\/gadget\/luce-per-selfie\/#primaryimage"},"thumbnailUrl":"https:\/\/shop.cinecitta.com\/media\/ledselfie.jpg","datePublished":"2023-11-10T10:17:03+00:00","dateModified":"2024-10-31T10:04:25+00:00","description":"Anello di luce portatile per selfie con 28 LED. La luce bianca \u00e8 regolabile in tre diversi livelli di luminosit\u00e0. La confezione contiene anche il caricabatterie USB.","breadcrumb":{"@id":"https:\/\/shop.cinecitta.com\/en\/shop\/oggetti-regalo\/gadget\/luce-per-selfie\/#breadcrumb"},"inLanguage":"en-US","potentialAction":[{"@type":"ReadAction","target":["https:\/\/shop.cinecitta.com\/en\/shop\/oggetti-regalo\/gadget\/luce-per-selfie\/"]}]},{"@type":"ImageObject","inLanguage":"en-US","@id":"https:\/\/shop.cinecitta.com\/en\/shop\/oggetti-regalo\/gadget\/luce-per-selfie\/#primaryimage","url":"https:\/\/shop.cinecitta.com\/media\/ledselfie.jpg","contentUrl":"https:\/\/shop.cinecitta.com\/media\/ledselfie.jpg","width":1200,"height":1200},{"@type":"BreadcrumbList","@id":"https:\/\/shop.cinecitta.com\/en\/shop\/oggetti-regalo\/gadget\/luce-per-selfie\/#breadcrumb","itemListElement":[{"@type":"ListItem","position":1,"name":"Cinecittasimostra","item":"https:\/\/shop.cinecitta.com\/en\/"},{"@type":"ListItem","position":2,"name":"Shop","item":"https:\/\/shop.cinecitta.com\/en\/shop\/"},{"@type":"ListItem","position":3,"name":"Luce per selfie"}]},{"@type":"WebSite","@id":"https:\/\/shop.cinecitta.com\/en\/#website","url":"https:\/\/shop.cinecitta.com\/en\/","name":"Shop Cinecitt\u00e0","description":"","publisher":{"@id":"https:\/\/shop.cinecitta.com\/en\/#organization"},"potentialAction":[{"@type":"SearchAction","target":{"@type":"EntryPoint","urlTemplate":"https:\/\/shop.cinecitta.com\/en\/?s={search_term_string}"},"query-input":"required name=search_term_string"}],"inLanguage":"en-US"},{"@type":"Organization","@id":"https:\/\/shop.cinecitta.com\/en\/#organization","name":"Shop Cinecitt\u00e0","url":"https:\/\/shop.cinecitta.com\/en\/","logo":{"@type":"ImageObject","inLanguage":"en-US","@id":"https:\/\/shop.cinecitta.com\/en\/#\/schema\/logo\/image\/","url":"https:\/\/shop.cinecitta.com\/media\/cropped-favicon.png","contentUrl":"https:\/\/shop.cinecitta.com\/media\/cropped-favicon.png","width":512,"height":512,"caption":"Shop Cinecitt\u00e0"},"image":{"@id":"https:\/\/shop.cinecitta.com\/en\/#\/schema\/logo\/image\/"},"sameAs":["https:\/\/www.facebook.com\/cinecittasimostra\/","https:\/\/x.com\/cinecittasm","https:\/\/www.instagram.com\/cinecittasimostra\/","https:\/\/www.youtube.com\/user\/cinecittashowsoff"]}]}},"_links":{"self":[{"href":"https:\/\/shop.cinecitta.com\/en\/wp-json\/wp\/v2\/product\/9405"}],"collection":[{"href":"https:\/\/shop.cinecitta.com\/en\/wp-json\/wp\/v2\/product"}],"about":[{"href":"https:\/\/shop.cinecitta.com\/en\/wp-json\/wp\/v2\/types\/product"}],"wp:featuredmedia":[{"embeddable":true,"href":"https:\/\/shop.cinecitta.com\/en\/wp-json\/wp\/v2\/media\/9406"}],"wp:attachment":[{"href":"https:\/\/shop.cinecitta.com\/en\/wp-json\/wp\/v2\/media?parent=9405"}],"wp:term":[{"taxonomy":"product_cat","embeddable":true,"href":"https:\/\/shop.cinecitta.com\/en\/wp-json\/wp\/v2\/product_cat?post=9405"},{"taxonomy":"product_tag","embeddable":true,"href":"https:\/\/shop.cinecitta.com\/en\/wp-json\/wp\/v2\/product_tag?post=9405"}],"curies":[{"name":"wp","href":"https:\/\/api.w.org\/{rel}","templated":true}]}}