{"id":10292,"date":"2019-02-19T14:23:29","date_gmt":"2019-02-19T13:23:29","guid":{"rendered":"https:\/\/shop.cinecitta.com\/home-2\/"},"modified":"2024-09-13T10:51:30","modified_gmt":"2024-09-13T08:51:30","slug":"home-2","status":"publish","type":"page","link":"https:\/\/shop.cinecitta.com\/en\/","title":{"rendered":"Home"},"content":{"rendered":"<h2>Un\u2019accurata selezione di oggettistica e merchandising dedicata a Cinecitt\u00e0, in vendita al bookshop di Cinecitt\u00e0 si Mostra e acquistabile anche online.<\/h2>\n<p>&nbsp;<\/p>\n<h3>Scegli tra la grande variet\u00e0 di articoli ispirati al suggestivo mondo del Cinema: <strong><a href=\"https:\/\/shop.cinecitta.com\/categoria\/abbigliamento\/\">abbigliamento, <\/a><a href=\"https:\/\/shop.cinecitta.com\/categoria\/cartoleria\/\">cartoleria<\/a>, <a href=\"https:\/\/shop.cinecitta.com\/categoria\/oggetti-regalo\/accessori-di-arredo\/\">oggetti d\u2019arredamento <\/a><\/strong>e tante <strong><a href=\"https:\/\/shop.cinecitta.com\/categoria\/oggetti-regalo\/\">idee regalo <\/a><\/strong>per adulti e\u00a0<strong><a href=\"https:\/\/shop.cinecitta.com\/en\/categoria\/bambini-en\/\">bambini<\/a>.<\/strong><\/h3>\n<p>&nbsp;<\/p>\n<h5>Per ordini dall\u2019estero contattare direttamente: <a href=\"mailto:bookshop@cinecitta.it\" target=\"_blank\" rel=\"noopener\">bookshop@cinecitta.it<\/a><\/h5>\n","protected":false},"excerpt":{"rendered":"<p>Un\u2019accurata selezione di oggettistica e merchandising dedicata a Cinecitt\u00e0, in vendita al bookshop di Cinecitt\u00e0 si Mostra e acquistabile anche online. &nbsp; Scegli tra la grande variet\u00e0 di articoli ispirati al suggestivo mondo del Cinema: abbigliamento, cartoleria, oggetti d\u2019arredamento e tante idee regalo per adulti e\u00a0bambini. &nbsp; Per ordini dall\u2019estero contattare direttamente: bookshop@cinecitta.it<\/p>\n","protected":false},"author":1,"featured_media":10288,"parent":0,"menu_order":0,"comment_status":"closed","ping_status":"closed","template":"page-home.php","meta":{"_acf_changed":false,"footnotes":""},"class_list":["post-10292","page","type-page","status-publish","has-post-thumbnail","hentry"],"acf":[],"yoast_head":"<!-- This site is optimized with the Yoast SEO plugin v23.3 - https:\/\/yoast.com\/wordpress\/plugins\/seo\/ -->\n<title>SHOP CINECITT\u00c0<\/title>\n<meta name=\"description\" content=\"Dal 2011 gli Studi di Cinecitt\u00e0 hanno aperto al pubblico con il progetto Cinecitt\u00e0 si Mostra, un&#039;iniziativa culturale che valorizza il patrimonio storico e architettonico degli Studi di Cinecitt\u00e0, consentendo di visitare i Set e i percorsi espositivi.\" \/>\n<meta name=\"robots\" content=\"index, follow, max-snippet:-1, max-image-preview:large, max-video-preview:-1\" \/>\n<link rel=\"canonical\" href=\"https:\/\/shop.cinecitta.com\/en\/\" \/>\n<meta property=\"og:locale\" content=\"en_US\" \/>\n<meta property=\"og:type\" content=\"article\" \/>\n<meta property=\"og:title\" content=\"SHOP CINECITT\u00c0\" \/>\n<meta property=\"og:description\" content=\"Dal 2011 gli Studi di Cinecitt\u00e0 hanno aperto al pubblico con il progetto Cinecitt\u00e0 si Mostra, un&#039;iniziativa culturale che valorizza il patrimonio storico e architettonico degli Studi di Cinecitt\u00e0, consentendo di visitare i Set e i percorsi espositivi.\" \/>\n<meta property=\"og:url\" content=\"https:\/\/shop.cinecitta.com\/en\/\" \/>\n<meta property=\"og:site_name\" content=\"SHOP CINECITT\u00c0\" \/>\n<meta property=\"article:publisher\" content=\"https:\/\/www.facebook.com\/cinecittasimostra\/\" \/>\n<meta property=\"article:modified_time\" content=\"2024-09-13T08:51:30+00:00\" \/>\n<meta property=\"og:image\" content=\"https:\/\/shop.cinecitta.com\/media\/Bookshop_Ambienti-6-1024x683.jpg\" \/>\n\t<meta property=\"og:image:width\" content=\"1024\" \/>\n\t<meta property=\"og:image:height\" content=\"683\" \/>\n\t<meta property=\"og:image:type\" content=\"image\/jpeg\" \/>\n<meta name=\"twitter:card\" content=\"summary_large_image\" \/>\n<meta name=\"twitter:site\" content=\"@cinecittasm\" \/>\n<meta name=\"twitter:label1\" content=\"Est. reading time\" \/>\n\t<meta name=\"twitter:data1\" content=\"1 minute\" \/>\n<script type=\"application\/ld+json\" class=\"yoast-schema-graph\">{\"@context\":\"https:\/\/schema.org\",\"@graph\":[{\"@type\":\"WebPage\",\"@id\":\"https:\/\/shop.cinecitta.com\/en\/\",\"url\":\"https:\/\/shop.cinecitta.com\/en\/\",\"name\":\"SHOP CINECITT\u00c0\",\"isPartOf\":{\"@id\":\"https:\/\/shop.cinecitta.com\/en\/#website\"},\"primaryImageOfPage\":{\"@id\":\"https:\/\/shop.cinecitta.com\/en\/#primaryimage\"},\"image\":{\"@id\":\"https:\/\/shop.cinecitta.com\/en\/#primaryimage\"},\"thumbnailUrl\":\"https:\/\/shop.cinecitta.com\/media\/Bookshop_Ambienti-6.jpg\",\"datePublished\":\"2019-02-19T13:23:29+00:00\",\"dateModified\":\"2024-09-13T08:51:30+00:00\",\"description\":\"Dal 2011 gli Studi di Cinecitt\u00e0 hanno aperto al pubblico con il progetto Cinecitt\u00e0 si Mostra, un'iniziativa culturale che valorizza il patrimonio storico e architettonico degli Studi di Cinecitt\u00e0, consentendo di visitare i Set e i percorsi espositivi.\",\"breadcrumb\":{\"@id\":\"https:\/\/shop.cinecitta.com\/en\/#breadcrumb\"},\"inLanguage\":\"en-US\",\"potentialAction\":[{\"@type\":\"ReadAction\",\"target\":[\"https:\/\/shop.cinecitta.com\/en\/\"]}]},{\"@type\":\"ImageObject\",\"inLanguage\":\"en-US\",\"@id\":\"https:\/\/shop.cinecitta.com\/en\/#primaryimage\",\"url\":\"https:\/\/shop.cinecitta.com\/media\/Bookshop_Ambienti-6.jpg\",\"contentUrl\":\"https:\/\/shop.cinecitta.com\/media\/Bookshop_Ambienti-6.jpg\",\"width\":1920,\"height\":1281},{\"@type\":\"BreadcrumbList\",\"@id\":\"https:\/\/shop.cinecitta.com\/en\/#breadcrumb\",\"itemListElement\":[{\"@type\":\"ListItem\",\"position\":1,\"name\":\"Cinecittasimostra\",\"item\":\"https:\/\/shop.cinecitta.com\/en\/\"},{\"@type\":\"ListItem\",\"position\":2,\"name\":\"Home\"}]},{\"@type\":\"WebSite\",\"@id\":\"https:\/\/shop.cinecitta.com\/en\/#website\",\"url\":\"https:\/\/shop.cinecitta.com\/en\/\",\"name\":\"Shop Cinecitt\u00e0\",\"description\":\"\",\"publisher\":{\"@id\":\"https:\/\/shop.cinecitta.com\/en\/#organization\"},\"potentialAction\":[{\"@type\":\"SearchAction\",\"target\":{\"@type\":\"EntryPoint\",\"urlTemplate\":\"https:\/\/shop.cinecitta.com\/en\/?s={search_term_string}\"},\"query-input\":\"required name=search_term_string\"}],\"inLanguage\":\"en-US\"},{\"@type\":\"Organization\",\"@id\":\"https:\/\/shop.cinecitta.com\/en\/#organization\",\"name\":\"Shop Cinecitt\u00e0\",\"url\":\"https:\/\/shop.cinecitta.com\/en\/\",\"logo\":{\"@type\":\"ImageObject\",\"inLanguage\":\"en-US\",\"@id\":\"https:\/\/shop.cinecitta.com\/en\/#\/schema\/logo\/image\/\",\"url\":\"https:\/\/shop.cinecitta.com\/media\/cropped-favicon.png\",\"contentUrl\":\"https:\/\/shop.cinecitta.com\/media\/cropped-favicon.png\",\"width\":512,\"height\":512,\"caption\":\"Shop Cinecitt\u00e0\"},\"image\":{\"@id\":\"https:\/\/shop.cinecitta.com\/en\/#\/schema\/logo\/image\/\"},\"sameAs\":[\"https:\/\/www.facebook.com\/cinecittasimostra\/\",\"https:\/\/x.com\/cinecittasm\",\"https:\/\/www.instagram.com\/cinecittasimostra\/\",\"https:\/\/www.youtube.com\/user\/cinecittashowsoff\"]}]}<\/script>\n<!-- \/ Yoast SEO plugin. -->","yoast_head_json":{"title":"SHOP CINECITT\u00c0","description":"Dal 2011 gli Studi di Cinecitt\u00e0 hanno aperto al pubblico con il progetto Cinecitt\u00e0 si Mostra, un'iniziativa culturale che valorizza il patrimonio storico e architettonico degli Studi di Cinecitt\u00e0, consentendo di visitare i Set e i percorsi espositivi.","robots":{"index":"index","follow":"follow","max-snippet":"max-snippet:-1","max-image-preview":"max-image-preview:large","max-video-preview":"max-video-preview:-1"},"canonical":"https:\/\/shop.cinecitta.com\/en\/","og_locale":"en_US","og_type":"article","og_title":"SHOP CINECITT\u00c0","og_description":"Dal 2011 gli Studi di Cinecitt\u00e0 hanno aperto al pubblico con il progetto Cinecitt\u00e0 si Mostra, un'iniziativa culturale che valorizza il patrimonio storico e architettonico degli Studi di Cinecitt\u00e0, consentendo di visitare i Set e i percorsi espositivi.","og_url":"https:\/\/shop.cinecitta.com\/en\/","og_site_name":"SHOP CINECITT\u00c0","article_publisher":"https:\/\/www.facebook.com\/cinecittasimostra\/","article_modified_time":"2024-09-13T08:51:30+00:00","og_image":[{"width":1024,"height":683,"url":"https:\/\/shop.cinecitta.com\/media\/Bookshop_Ambienti-6-1024x683.jpg","type":"image\/jpeg"}],"twitter_card":"summary_large_image","twitter_site":"@cinecittasm","twitter_misc":{"Est. reading time":"1 minute"},"schema":{"@context":"https:\/\/schema.org","@graph":[{"@type":"WebPage","@id":"https:\/\/shop.cinecitta.com\/en\/","url":"https:\/\/shop.cinecitta.com\/en\/","name":"SHOP CINECITT\u00c0","isPartOf":{"@id":"https:\/\/shop.cinecitta.com\/en\/#website"},"primaryImageOfPage":{"@id":"https:\/\/shop.cinecitta.com\/en\/#primaryimage"},"image":{"@id":"https:\/\/shop.cinecitta.com\/en\/#primaryimage"},"thumbnailUrl":"https:\/\/shop.cinecitta.com\/media\/Bookshop_Ambienti-6.jpg","datePublished":"2019-02-19T13:23:29+00:00","dateModified":"2024-09-13T08:51:30+00:00","description":"Dal 2011 gli Studi di Cinecitt\u00e0 hanno aperto al pubblico con il progetto Cinecitt\u00e0 si Mostra, un'iniziativa culturale che valorizza il patrimonio storico e architettonico degli Studi di Cinecitt\u00e0, consentendo di visitare i Set e i percorsi espositivi.","breadcrumb":{"@id":"https:\/\/shop.cinecitta.com\/en\/#breadcrumb"},"inLanguage":"en-US","potentialAction":[{"@type":"ReadAction","target":["https:\/\/shop.cinecitta.com\/en\/"]}]},{"@type":"ImageObject","inLanguage":"en-US","@id":"https:\/\/shop.cinecitta.com\/en\/#primaryimage","url":"https:\/\/shop.cinecitta.com\/media\/Bookshop_Ambienti-6.jpg","contentUrl":"https:\/\/shop.cinecitta.com\/media\/Bookshop_Ambienti-6.jpg","width":1920,"height":1281},{"@type":"BreadcrumbList","@id":"https:\/\/shop.cinecitta.com\/en\/#breadcrumb","itemListElement":[{"@type":"ListItem","position":1,"name":"Cinecittasimostra","item":"https:\/\/shop.cinecitta.com\/en\/"},{"@type":"ListItem","position":2,"name":"Home"}]},{"@type":"WebSite","@id":"https:\/\/shop.cinecitta.com\/en\/#website","url":"https:\/\/shop.cinecitta.com\/en\/","name":"Shop Cinecitt\u00e0","description":"","publisher":{"@id":"https:\/\/shop.cinecitta.com\/en\/#organization"},"potentialAction":[{"@type":"SearchAction","target":{"@type":"EntryPoint","urlTemplate":"https:\/\/shop.cinecitta.com\/en\/?s={search_term_string}"},"query-input":"required name=search_term_string"}],"inLanguage":"en-US"},{"@type":"Organization","@id":"https:\/\/shop.cinecitta.com\/en\/#organization","name":"Shop Cinecitt\u00e0","url":"https:\/\/shop.cinecitta.com\/en\/","logo":{"@type":"ImageObject","inLanguage":"en-US","@id":"https:\/\/shop.cinecitta.com\/en\/#\/schema\/logo\/image\/","url":"https:\/\/shop.cinecitta.com\/media\/cropped-favicon.png","contentUrl":"https:\/\/shop.cinecitta.com\/media\/cropped-favicon.png","width":512,"height":512,"caption":"Shop Cinecitt\u00e0"},"image":{"@id":"https:\/\/shop.cinecitta.com\/en\/#\/schema\/logo\/image\/"},"sameAs":["https:\/\/www.facebook.com\/cinecittasimostra\/","https:\/\/x.com\/cinecittasm","https:\/\/www.instagram.com\/cinecittasimostra\/","https:\/\/www.youtube.com\/user\/cinecittashowsoff"]}]}},"_links":{"self":[{"href":"https:\/\/shop.cinecitta.com\/en\/wp-json\/wp\/v2\/pages\/10292"}],"collection":[{"href":"https:\/\/shop.cinecitta.com\/en\/wp-json\/wp\/v2\/pages"}],"about":[{"href":"https:\/\/shop.cinecitta.com\/en\/wp-json\/wp\/v2\/types\/page"}],"author":[{"embeddable":true,"href":"https:\/\/shop.cinecitta.com\/en\/wp-json\/wp\/v2\/users\/1"}],"replies":[{"embeddable":true,"href":"https:\/\/shop.cinecitta.com\/en\/wp-json\/wp\/v2\/comments?post=10292"}],"version-history":[{"count":4,"href":"https:\/\/shop.cinecitta.com\/en\/wp-json\/wp\/v2\/pages\/10292\/revisions"}],"predecessor-version":[{"id":10309,"href":"https:\/\/shop.cinecitta.com\/en\/wp-json\/wp\/v2\/pages\/10292\/revisions\/10309"}],"wp:featuredmedia":[{"embeddable":true,"href":"https:\/\/shop.cinecitta.com\/en\/wp-json\/wp\/v2\/media\/10288"}],"wp:attachment":[{"href":"https:\/\/shop.cinecitta.com\/en\/wp-json\/wp\/v2\/media?parent=10292"}],"curies":[{"name":"wp","href":"https:\/\/api.w.org\/{rel}","templated":true}]}}